{"id":497,"date":"2015-11-24T09:42:31","date_gmt":"2015-11-24T09:42:31","guid":{"rendered":"https:\/\/favre-sports.com\/en\/?page_id=497"},"modified":"2024-02-08T15:59:54","modified_gmt":"2024-02-08T15:59:54","slug":"contact","status":"publish","type":"page","link":"https:\/\/favre-sports.com\/en\/contact\/","title":{"rendered":"Contact"},"content":{"rendered":"<p>[et_pb_section fb_built=&#8221;1&#8243; admin_label=&#8221;section&#8221; _builder_version=&#8221;4.16&#8243; global_colors_info=&#8221;{}&#8221;][et_pb_row admin_label=&#8221;row&#8221; _builder_version=&#8221;4.16&#8243; background_size=&#8221;initial&#8221; background_position=&#8221;top_left&#8221; background_repeat=&#8221;repeat&#8221; global_colors_info=&#8221;{}&#8221;][et_pb_column type=&#8221;4_4&#8243; _builder_version=&#8221;4.16&#8243; custom_padding=&#8221;|||&#8221; global_colors_info=&#8221;{}&#8221; custom_padding__hover=&#8221;|||&#8221;][et_pb_divider show_divider=&#8221;off&#8221; disabled_on=&#8221;on|on|off&#8221; admin_label=&#8221;S\u00e9parateur&#8221; _builder_version=&#8221;4.16&#8243; height=&#8221;0px&#8221; hide_on_mobile=&#8221;on&#8221; global_colors_info=&#8221;{}&#8221;] [\/et_pb_divider][\/et_pb_column][\/et_pb_row][et_pb_row column_structure=&#8221;2_3,1_3&#8243; admin_label=&#8221;row&#8221; _builder_version=&#8221;4.16&#8243; background_size=&#8221;initial&#8221; background_position=&#8221;top_left&#8221; background_repeat=&#8221;repeat&#8221; global_colors_info=&#8221;{}&#8221;][et_pb_column type=&#8221;2_3&#8243; _builder_version=&#8221;4.16&#8243; custom_padding=&#8221;|||&#8221; global_colors_info=&#8221;{}&#8221; custom_padding__hover=&#8221;|||&#8221;][et_pb_map address=&#8221;Le Grand-Bornand, France&#8221; zoom_level=&#8221;15&#8243; address_lat=&#8221;45.94218740440696&#8243; address_lng=&#8221;6.433627145885453&#8243; admin_label=&#8221;Carte&#8221; _builder_version=&#8221;4.16&#8243; global_colors_info=&#8221;{}&#8221;][et_pb_map_pin title=&#8221;Favre Sports&#8221; pin_address=&#8221;Route de la Vall\u00e9e du Bouchet, 74450 Le Grand-Bornand, France&#8221; pin_address_lat=&#8221;45.943343794533455&#8243; pin_address_lng=&#8221;6.43356009066008&#8243; _builder_version=&#8221;3.0.47&#8243; global_colors_info=&#8221;{}&#8221;][\/et_pb_map_pin][\/et_pb_map][\/et_pb_column][et_pb_column type=&#8221;1_3&#8243; _builder_version=&#8221;4.16&#8243; custom_padding=&#8221;|||&#8221; global_colors_info=&#8221;{}&#8221; custom_padding__hover=&#8221;|||&#8221;][et_pb_text admin_label=&#8221;Text&#8221; _builder_version=&#8221;4.16&#8243; background_size=&#8221;initial&#8221; background_position=&#8221;top_left&#8221; background_repeat=&#8221;repeat&#8221; use_border_color=&#8221;off&#8221; border_color=&#8221;#ffffff&#8221; border_style=&#8221;solid&#8221; global_colors_info=&#8221;{}&#8221;]<\/p>\n<h3 style=\"text-align: center;\">Informations<\/h3>\n<p><strong>Favre Sports is located between Le Grand Bornand village center(400 m)the two lifts Rosay et Joy\u00e8re (100 m).<\/strong> <strong><span style=\"text-decoration: underline;\">Address<\/span> :<\/strong> 389 route du Bouchet, 74450 Le Grand Bornand <strong><span style=\"text-decoration: underline;\">Telephone<\/span> :<\/strong> +33(0)4 50 02 34 11 <strong><span style=\"text-decoration: underline;\">Opening hours<\/span> :<\/strong> 8:30 &#8211; 19:00 every day from december to april [\/et_pb_text][\/et_pb_column][\/et_pb_row][\/et_pb_section][et_pb_section fb_built=&#8221;1&#8243; custom_padding_last_edited=&#8221;on|desktop&#8221; admin_label=&#8221;section&#8221; module_id=&#8221;contactform&#8221; _builder_version=&#8221;4.16&#8243; background_color=&#8221;rgba(255,255,255,0)&#8221; custom_padding=&#8221;|||&#8221; custom_padding_tablet=&#8221;50px|0|50px|0&#8243; custom_padding_phone=&#8221;50px|0|50px|0&#8243; transparent_background=&#8221;on&#8221; padding_mobile=&#8221;off&#8221; make_fullwidth=&#8221;off&#8221; use_custom_width=&#8221;off&#8221; width_unit=&#8221;on&#8221; global_colors_info=&#8221;{}&#8221;][et_pb_row padding_mobile=&#8221;off&#8221; admin_label=&#8221;row&#8221; _builder_version=&#8221;4.16&#8243; background_size=&#8221;initial&#8221; background_position=&#8221;top_left&#8221; background_repeat=&#8221;repeat&#8221; custom_padding=&#8221;|&#8221; make_fullwidth=&#8221;off&#8221; use_custom_width=&#8221;off&#8221; width_unit=&#8221;on&#8221; global_colors_info=&#8221;{}&#8221;][et_pb_column type=&#8221;4_4&#8243; _builder_version=&#8221;4.16&#8243; custom_padding=&#8221;|||&#8221; global_colors_info=&#8221;{}&#8221; custom_padding__hover=&#8221;|||&#8221;][et_pb_text admin_label=&#8221;Texte&#8221; _builder_version=&#8221;4.16&#8243; background_size=&#8221;initial&#8221; background_position=&#8221;top_left&#8221; background_repeat=&#8221;repeat&#8221; text_orientation=&#8221;center&#8221; background_layout=&#8221;dark&#8221; module_alignment=&#8221;center&#8221; use_border_color=&#8221;off&#8221; border_color=&#8221;#ffffff&#8221; border_style=&#8221;solid&#8221; global_colors_info=&#8221;{}&#8221;]<\/p>\n<h3>A question? Need an advice?<\/h3>\n<p>Leave us a message&#8230; [\/et_pb_text][et_pb_contact_form use_spam_service=&#8221;on&#8221; recaptcha_list=&#8221;favre|favre-0&#8243; email=&#8221;favre-sports@orange.fr&#8221; title=&#8221;Une question?&#8221; admin_label=&#8221;Contact Form&#8221; _builder_version=&#8221;4.24.0&#8243; _unique_id=&#8221;e00977a1-57f1-43b5-b42d-a1c4a8f5ac81&#8243; hover_enabled=&#8221;0&#8243; use_border_color=&#8221;off&#8221; border_color=&#8221;#ffffff&#8221; border_style=&#8221;solid&#8221; global_colors_info=&#8221;{}&#8221; sticky_enabled=&#8221;0&#8243;][et_pb_contact_field field_id=&#8221;Name&#8221; field_title=&#8221;Name&#8221; _builder_version=&#8221;4.16&#8243; global_colors_info=&#8221;{}&#8221; button_text_size__hover_enabled=&#8221;off&#8221; button_one_text_size__hover_enabled=&#8221;off&#8221; button_two_text_size__hover_enabled=&#8221;off&#8221; button_text_color__hover_enabled=&#8221;off&#8221; button_one_text_color__hover_enabled=&#8221;off&#8221; button_two_text_color__hover_enabled=&#8221;off&#8221; button_border_width__hover_enabled=&#8221;off&#8221; button_one_border_width__hover_enabled=&#8221;off&#8221; button_two_border_width__hover_enabled=&#8221;off&#8221; button_border_color__hover_enabled=&#8221;off&#8221; button_one_border_color__hover_enabled=&#8221;off&#8221; button_two_border_color__hover_enabled=&#8221;off&#8221; button_border_radius__hover_enabled=&#8221;off&#8221; button_one_border_radius__hover_enabled=&#8221;off&#8221; button_two_border_radius__hover_enabled=&#8221;off&#8221; button_letter_spacing__hover_enabled=&#8221;off&#8221; button_one_letter_spacing__hover_enabled=&#8221;off&#8221; button_two_letter_spacing__hover_enabled=&#8221;off&#8221; button_bg_color__hover_enabled=&#8221;off&#8221; button_one_bg_color__hover_enabled=&#8221;off&#8221; button_two_bg_color__hover_enabled=&#8221;off&#8221;][\/et_pb_contact_field][et_pb_contact_field field_id=&#8221;Email&#8221; field_title=&#8221;Email Address&#8221; field_type=&#8221;email&#8221; _builder_version=&#8221;4.16&#8243; global_colors_info=&#8221;{}&#8221; button_text_size__hover_enabled=&#8221;off&#8221; button_one_text_size__hover_enabled=&#8221;off&#8221; button_two_text_size__hover_enabled=&#8221;off&#8221; button_text_color__hover_enabled=&#8221;off&#8221; button_one_text_color__hover_enabled=&#8221;off&#8221; button_two_text_color__hover_enabled=&#8221;off&#8221; button_border_width__hover_enabled=&#8221;off&#8221; button_one_border_width__hover_enabled=&#8221;off&#8221; button_two_border_width__hover_enabled=&#8221;off&#8221; button_border_color__hover_enabled=&#8221;off&#8221; button_one_border_color__hover_enabled=&#8221;off&#8221; button_two_border_color__hover_enabled=&#8221;off&#8221; button_border_radius__hover_enabled=&#8221;off&#8221; button_one_border_radius__hover_enabled=&#8221;off&#8221; button_two_border_radius__hover_enabled=&#8221;off&#8221; button_letter_spacing__hover_enabled=&#8221;off&#8221; button_one_letter_spacing__hover_enabled=&#8221;off&#8221; button_two_letter_spacing__hover_enabled=&#8221;off&#8221; button_bg_color__hover_enabled=&#8221;off&#8221; button_one_bg_color__hover_enabled=&#8221;off&#8221; button_two_bg_color__hover_enabled=&#8221;off&#8221;][\/et_pb_contact_field][et_pb_contact_field field_id=&#8221;Message&#8221; field_title=&#8221;Message&#8221; field_type=&#8221;text&#8221; fullwidth_field=&#8221;on&#8221; _builder_version=&#8221;4.16&#8243; global_colors_info=&#8221;{}&#8221; button_text_size__hover_enabled=&#8221;off&#8221; button_one_text_size__hover_enabled=&#8221;off&#8221; button_two_text_size__hover_enabled=&#8221;off&#8221; button_text_color__hover_enabled=&#8221;off&#8221; button_one_text_color__hover_enabled=&#8221;off&#8221; button_two_text_color__hover_enabled=&#8221;off&#8221; button_border_width__hover_enabled=&#8221;off&#8221; button_one_border_width__hover_enabled=&#8221;off&#8221; button_two_border_width__hover_enabled=&#8221;off&#8221; button_border_color__hover_enabled=&#8221;off&#8221; button_one_border_color__hover_enabled=&#8221;off&#8221; button_two_border_color__hover_enabled=&#8221;off&#8221; button_border_radius__hover_enabled=&#8221;off&#8221; button_one_border_radius__hover_enabled=&#8221;off&#8221; button_two_border_radius__hover_enabled=&#8221;off&#8221; button_letter_spacing__hover_enabled=&#8221;off&#8221; button_one_letter_spacing__hover_enabled=&#8221;off&#8221; button_two_letter_spacing__hover_enabled=&#8221;off&#8221; button_bg_color__hover_enabled=&#8221;off&#8221; button_one_bg_color__hover_enabled=&#8221;off&#8221; button_two_bg_color__hover_enabled=&#8221;off&#8221;][\/et_pb_contact_field][\/et_pb_contact_form][\/et_pb_column][\/et_pb_row][\/et_pb_section]<\/p>\n","protected":false},"excerpt":{"rendered":"<p>Informations Favre Sports is located between Le Grand Bornand village center(400 m)the two lifts Rosay et Joy\u00e8re (100 m). Address : 389 route du Bouchet, 74450 Le Grand Bornand Telephone : +33(0)4 50 02 34 11 Opening hours : 8:30 &#8211; 19:00 every day from december to april A question? Need an advice? Leave us [&hellip;]<\/p>\n","protected":false},"author":1,"featured_media":0,"parent":0,"menu_order":0,"comment_status":"open","ping_status":"closed","template":"","meta":{"_et_pb_use_builder":"on","_et_pb_old_content":"<p>[et_pb_section fullwidth=\"off\" specialty=\"off\"][et_pb_row][et_pb_column type=\"4_4\"][et_pb_divider admin_label=\"S\u00e9parateur\" color=\"#ffffff\" show_divider=\"off\" divider_style=\"solid\" divider_position=\"top\" hide_on_mobile=\"on\" height=\"0\" \/][\/et_pb_column][\/et_pb_row][et_pb_row][et_pb_column type=\"2_3\"][et_pb_map admin_label=\"Carte\" address=\"Le Grand-Bornand, France\" zoom_level=\"15\" address_lat=\"45.94218740440696\" address_lng=\"6.433627145885453\" mouse_wheel=\"on\" use_grayscale_filter=\"off\"][et_pb_map_pin title=\"Favre Sports\" pin_address=\"Route de la Vall\u00e9e du Bouchet, 74450 Le Grand-Bornand, France\" pin_address_lat=\"45.943343794533455\" pin_address_lng=\"6.43356009066008\" \/][\/et_pb_map][\/et_pb_column][et_pb_column type=\"1_3\"][et_pb_text admin_label=\"Text\" background_layout=\"light\" text_orientation=\"left\" use_border_color=\"off\" border_color=\"#ffffff\" border_style=\"solid\"]<\/p><h3 style=\"text-align: center;\">Informations utiles<\/h3><p><strong>Favre Sports est situ\u00e9 entre le centre du village du Grand Bornand (400 m) et les 2 t\u00e9l\u00e9cabines Rosay et Joy\u00e8re (100 m).<\/strong><\/p><p><strong><span style=\"text-decoration: underline;\">Adresse<\/span> :<\/strong> 389 route du Bouchet, 74450 Le Grand Bornand<\/p><p><strong><span style=\"text-decoration: underline;\">T\u00e9l\u00e9phone<\/span> :<\/strong> 04 50 02 34 11<\/p><p><strong><span style=\"text-decoration: underline;\">Horaires d'ouverture<\/span> :<\/strong> 8:30 - 19:00 tous les jours de d\u00e9cembre \u00e0 avril<\/p><p>[\/et_pb_text][\/et_pb_column][\/et_pb_row][\/et_pb_section][et_pb_section fullwidth=\"off\" transparent_background=\"on\" allow_player_pause=\"off\" inner_shadow=\"off\" parallax=\"off\" parallax_method=\"off\" padding_mobile=\"off\" make_fullwidth=\"off\" use_custom_width=\"off\" width_unit=\"on\" make_equal=\"off\" use_custom_gutter=\"off\" custom_padding=\"|\" module_id=\"contactform\"][et_pb_row make_fullwidth=\"off\" use_custom_width=\"off\" width_unit=\"on\" use_custom_gutter=\"off\" custom_padding=\"|\" padding_mobile=\"off\" allow_player_pause=\"off\" parallax=\"off\" parallax_method=\"off\" make_equal=\"off\"][et_pb_column type=\"4_4\"][et_pb_text admin_label=\"Texte\" background_layout=\"dark\" text_orientation=\"center\" use_border_color=\"off\" border_color=\"#ffffff\" border_style=\"solid\"]<\/p><h3>Une question? Un conseil?<\/h3><p>Laissez nous un message...<\/p><p>[\/et_pb_text][et_pb_contact_form admin_label=\"Contact Form\" captcha=\"on\" title=\"Une question?\" \/][\/et_pb_column][\/et_pb_row][\/et_pb_section]<\/p>","_et_gb_content_width":"","footnotes":""},"class_list":["post-497","page","type-page","status-publish","hentry"],"yoast_head":"<!-- This site is optimized with the Yoast SEO plugin v27.4 - https:\/\/yoast.com\/product\/yoast-seo-wordpress\/ -->\n<title>Contact - Favre Sports<\/title>\n<meta name=\"description\" content=\"Contact form and informations to find Favre Sports\" \/>\n<meta name=\"robots\" content=\"index, follow, max-snippet:-1, max-image-preview:large, max-video-preview:-1\" \/>\n<link rel=\"canonical\" href=\"https:\/\/favre-sports.com\/en\/contact\/\" \/>\n<meta property=\"og:locale\" content=\"en_US\" \/>\n<meta property=\"og:type\" content=\"article\" \/>\n<meta property=\"og:title\" content=\"Contact - Favre Sports\" \/>\n<meta property=\"og:description\" content=\"Contact form and informations to find Favre Sports\" \/>\n<meta property=\"og:url\" content=\"https:\/\/favre-sports.com\/en\/contact\/\" \/>\n<meta property=\"og:site_name\" content=\"Favre Sports\" \/>\n<meta property=\"article:publisher\" content=\"https:\/\/www.facebook.com\/Favre-Sports-1046705875350871\/\" \/>\n<meta property=\"article:modified_time\" content=\"2024-02-08T15:59:54+00:00\" \/>\n<meta name=\"twitter:card\" content=\"summary_large_image\" \/>\n<meta name=\"twitter:label1\" content=\"Est. reading time\" \/>\n\t<meta name=\"twitter:data1\" content=\"1 minute\" \/>\n<script type=\"application\/ld+json\" class=\"yoast-schema-graph\">{\"@context\":\"https:\\\/\\\/schema.org\",\"@graph\":[{\"@type\":\"WebPage\",\"@id\":\"https:\\\/\\\/favre-sports.com\\\/en\\\/contact\\\/\",\"url\":\"https:\\\/\\\/favre-sports.com\\\/en\\\/contact\\\/\",\"name\":\"Contact - Favre Sports\",\"isPartOf\":{\"@id\":\"https:\\\/\\\/favre-sports.com\\\/#website\"},\"datePublished\":\"2015-11-24T09:42:31+00:00\",\"dateModified\":\"2024-02-08T15:59:54+00:00\",\"description\":\"Contact form and informations to find Favre Sports\",\"breadcrumb\":{\"@id\":\"https:\\\/\\\/favre-sports.com\\\/en\\\/contact\\\/#breadcrumb\"},\"inLanguage\":\"en-US\",\"potentialAction\":[{\"@type\":\"ReadAction\",\"target\":[\"https:\\\/\\\/favre-sports.com\\\/en\\\/contact\\\/\"]}]},{\"@type\":\"BreadcrumbList\",\"@id\":\"https:\\\/\\\/favre-sports.com\\\/en\\\/contact\\\/#breadcrumb\",\"itemListElement\":[{\"@type\":\"ListItem\",\"position\":1,\"name\":\"Accueil\",\"item\":\"https:\\\/\\\/favre-sports.com\\\/en\\\/home\\\/\"},{\"@type\":\"ListItem\",\"position\":2,\"name\":\"Contact\"}]},{\"@type\":\"WebSite\",\"@id\":\"https:\\\/\\\/favre-sports.com\\\/#website\",\"url\":\"https:\\\/\\\/favre-sports.com\\\/\",\"name\":\"Favre Sports\",\"description\":\"Magasin de ski au Grand Bornand\",\"potentialAction\":[{\"@type\":\"SearchAction\",\"target\":{\"@type\":\"EntryPoint\",\"urlTemplate\":\"https:\\\/\\\/favre-sports.com\\\/?s={search_term_string}\"},\"query-input\":{\"@type\":\"PropertyValueSpecification\",\"valueRequired\":true,\"valueName\":\"search_term_string\"}}],\"inLanguage\":\"en-US\"}]}<\/script>\n<!-- \/ Yoast SEO plugin. -->","yoast_head_json":{"title":"Contact - Favre Sports","description":"Contact form and informations to find Favre Sports","robots":{"index":"index","follow":"follow","max-snippet":"max-snippet:-1","max-image-preview":"max-image-preview:large","max-video-preview":"max-video-preview:-1"},"canonical":"https:\/\/favre-sports.com\/en\/contact\/","og_locale":"en_US","og_type":"article","og_title":"Contact - Favre Sports","og_description":"Contact form and informations to find Favre Sports","og_url":"https:\/\/favre-sports.com\/en\/contact\/","og_site_name":"Favre Sports","article_publisher":"https:\/\/www.facebook.com\/Favre-Sports-1046705875350871\/","article_modified_time":"2024-02-08T15:59:54+00:00","twitter_card":"summary_large_image","twitter_misc":{"Est. reading time":"1 minute"},"schema":{"@context":"https:\/\/schema.org","@graph":[{"@type":"WebPage","@id":"https:\/\/favre-sports.com\/en\/contact\/","url":"https:\/\/favre-sports.com\/en\/contact\/","name":"Contact - Favre Sports","isPartOf":{"@id":"https:\/\/favre-sports.com\/#website"},"datePublished":"2015-11-24T09:42:31+00:00","dateModified":"2024-02-08T15:59:54+00:00","description":"Contact form and informations to find Favre Sports","breadcrumb":{"@id":"https:\/\/favre-sports.com\/en\/contact\/#breadcrumb"},"inLanguage":"en-US","potentialAction":[{"@type":"ReadAction","target":["https:\/\/favre-sports.com\/en\/contact\/"]}]},{"@type":"BreadcrumbList","@id":"https:\/\/favre-sports.com\/en\/contact\/#breadcrumb","itemListElement":[{"@type":"ListItem","position":1,"name":"Accueil","item":"https:\/\/favre-sports.com\/en\/home\/"},{"@type":"ListItem","position":2,"name":"Contact"}]},{"@type":"WebSite","@id":"https:\/\/favre-sports.com\/#website","url":"https:\/\/favre-sports.com\/","name":"Favre Sports","description":"Magasin de ski au Grand Bornand","potentialAction":[{"@type":"SearchAction","target":{"@type":"EntryPoint","urlTemplate":"https:\/\/favre-sports.com\/?s={search_term_string}"},"query-input":{"@type":"PropertyValueSpecification","valueRequired":true,"valueName":"search_term_string"}}],"inLanguage":"en-US"}]}},"_links":{"self":[{"href":"https:\/\/favre-sports.com\/en\/wp-json\/wp\/v2\/pages\/497","targetHints":{"allow":["GET"]}}],"collection":[{"href":"https:\/\/favre-sports.com\/en\/wp-json\/wp\/v2\/pages"}],"about":[{"href":"https:\/\/favre-sports.com\/en\/wp-json\/wp\/v2\/types\/page"}],"author":[{"embeddable":true,"href":"https:\/\/favre-sports.com\/en\/wp-json\/wp\/v2\/users\/1"}],"replies":[{"embeddable":true,"href":"https:\/\/favre-sports.com\/en\/wp-json\/wp\/v2\/comments?post=497"}],"version-history":[{"count":2,"href":"https:\/\/favre-sports.com\/en\/wp-json\/wp\/v2\/pages\/497\/revisions"}],"predecessor-version":[{"id":728,"href":"https:\/\/favre-sports.com\/en\/wp-json\/wp\/v2\/pages\/497\/revisions\/728"}],"wp:attachment":[{"href":"https:\/\/favre-sports.com\/en\/wp-json\/wp\/v2\/media?parent=497"}],"curies":[{"name":"wp","href":"https:\/\/api.w.org\/{rel}","templated":true}]}}