{"id":501,"date":"2015-11-24T09:53:59","date_gmt":"2015-11-24T09:53:59","guid":{"rendered":"https:\/\/favre-sports.com\/en\/?page_id=501"},"modified":"2015-11-24T10:10:12","modified_gmt":"2015-11-24T10:10:12","slug":"legal-notice","status":"publish","type":"page","link":"https:\/\/favre-sports.com\/en\/legal-notice\/","title":{"rendered":"Legal notice"},"content":{"rendered":"<p>[et_pb_section admin_label=&#8221;section&#8221;][et_pb_row admin_label=&#8221;row&#8221;][et_pb_column type=&#8221;4_4&#8243;][et_pb_divider admin_label=&#8221;S\u00e9parateur&#8221; color=&#8221;#ffffff&#8221; show_divider=&#8221;off&#8221; divider_style=&#8221;solid&#8221; divider_position=&#8221;top&#8221; hide_on_mobile=&#8221;on&#8221; height=&#8221;2&#8243;] [\/et_pb_divider][et_pb_text admin_label=&#8221;Texte&#8221; background_layout=&#8221;light&#8221; text_orientation=&#8221;left&#8221; use_border_color=&#8221;off&#8221; border_color=&#8221;#ffffff&#8221; border_style=&#8221;solid&#8221; text_font_size=&#8221;14&#8243;]<\/p>\n<p>&nbsp;<\/p>\n<h1>Legal notice<\/h1>\n<p><span id=\"result_box\" class=\"\" lang=\"en\" tabindex=\"-1\"><span class=\"hps\">Pursuant to<\/span> <span class=\"hps\">Article<\/span> <span class=\"hps atn\">6 III-<\/span>1 of the Act <span class=\"hps\">No. 2004-575<\/span> <span class=\"hps\">of 21 June 2004<\/span> <span class=\"hps\">on confidence in<\/span> <span class=\"hps\">the digital economy,<\/span> <span class=\"hps\">we inform you that<\/span>:<\/span> <span class=\"hps\">This site<\/span> <span class=\"hps\">is published by:<\/span><\/p>\n<p style=\"text-align: justify;\">&#8211; Micka\u00ebl Favre-F\u00e9lix &#8211; Address : 389 route du Bouchet 74450 Le Grand-Bornand &#8211; Phone : +33(0)4 50\u00a0 02 34 11 &#8211; E-mail : favre-sports@orange.fr<\/p>\n<p style=\"text-align: justify;\">Favre Sports : SIRET 480 454 974 00027<\/p>\n<p style=\"text-align: justify;\"><span class=\"hps\">The<\/span> <span class=\"hps\">publication director<\/span> is M. Micka\u00ebl Favre-F\u00e9lix<\/p>\n<p><span class=\"hps\">The site is hosted<\/span> <span class=\"hps\">by<\/span> <a href=\"https:\/\/www.siteground.com\"><span class=\"hps\">SiteGround<\/span><\/a> <span class=\"hps\">-Washington<\/span><span class=\"\">,<\/span> <span class=\"hps\">DC 20002<\/span>, USA<\/p>\n<p><span class=\"hps\">The<\/span> <span class=\"hps\">site was created<\/span> <span class=\"hps\">by<\/span> <a href=\"https:\/\/www.bevouak.fr\"><span class=\"hps\">BevouaK<\/span><\/a> <span class=\"hps\">Sarl \u2013<\/span> <span class=\"hps\">Saint<\/span> <span class=\"hps\">Gervais<\/span> <span class=\"hps atn\">les Bains (<\/span>74170) France<\/p>\n<p><span class=\"hps\">Under the Data<\/span> <span class=\"hps\">Protection Act of<\/span> <span class=\"hps\">6 January 1978<\/span> <span class=\"hps\">amended in 2004,<\/span> <span class=\"hps\">the<\/span> <span class=\"hps\">personal data<\/span> <span class=\"hps\">are intended to<\/span> <span class=\"hps\">the site operator<\/span> <span class=\"hps\">and<\/span> <span class=\"hps\">their<\/span> <span class=\"hps\">use in accordance with<\/span> <span class=\"hps\">the declared purpose<\/span> <span class=\"hps\">to<\/span> <span class=\"hps\">the CNIL<\/span>. <span class=\"hps\">The data<\/span> <span class=\"hps\">are for<\/span> <span class=\"hps\">the site editor<\/span> Micka\u00ebl Favre-F\u00e9lix, <span class=\"hps\">the controller.<\/span> <span class=\"hps\">Essential information<\/span> <span class=\"hps\">are marked with an<\/span> <span class=\"hps\">asterisk<\/span> <span class=\"hps\">on the form.<\/span> <span class=\"hps\">Otherwise<\/span> <span class=\"hps\">it can not be<\/span> <span class=\"hps\">answered<\/span> <span class=\"hps\">at the request of<\/span> <span class=\"hps\">the user.<\/span> <span class=\"hps\">The other information<\/span> <span class=\"hps\">requested, for which<\/span> <span class=\"hps\">the<\/span> <span class=\"hps\">user response<\/span> <span class=\"hps\">is<\/span> <span class=\"hps\">optional, is intended<\/span> <span class=\"hps\">to<\/span> <span class=\"hps\">better know<\/span> <span class=\"hps\">the user<\/span> <span class=\"hps\">and improve<\/span> <span class=\"hps\">the services offered<\/span><span class=\"\">.<\/span> <span class=\"hps\">In accordance with<\/span> <span class=\"hps atn\">the \u201c<\/span><span class=\"\">Data Protection Act<\/span>\u201d <span class=\"hps\">of 6 January 1978<\/span> <span class=\"hps\">amended in 2004<\/span>, the user <span class=\"hps\">has a right<\/span> <span class=\"hps\">of access,<\/span> <span class=\"hps\">rectification<\/span> <span class=\"hps\">and deletion of<\/span> <span class=\"hps\">personal data<\/span> <span class=\"hps\">concerning him.<\/span> <span class=\"hps\">The implementation<\/span> <span class=\"hps\">of these rights<\/span> <span class=\"hps\">is possible<\/span> <span class=\"hps\">simply by<\/span> <span class=\"hps\">e-mail to<\/span> <span class=\"hps\">the address listed<\/span> <span class=\"hps\">above.<\/span> <span class=\"hps\">The user also<\/span> <span class=\"hps\">has the right<\/span> <span class=\"hps\">to object to the<\/span> <span class=\"hps\">processing of their data<\/span> <span class=\"hps\">for legitimate reasons<\/span> <span class=\"hps\">and a<\/span> <span class=\"hps\">right to object<\/span> <span class=\"hps\">that<\/span> <span class=\"hps\">this data be<\/span> <span class=\"hps\">used for<\/span> <span class=\"hps\">marketing purposes<\/span>. <span class=\"hps\">The user<\/span> <span class=\"hps\">is<\/span> <span class=\"hps\">informed that during<\/span> <span class=\"hps\">his visits to the<\/span> <span class=\"hps\">site,<\/span> <span class=\"hps\">a cookie may be<\/span> <span class=\"hps\">automatically installed on their<\/span> <span class=\"hps\">software<\/span> <span class=\"hps\">navigation.Le<\/span> <span class=\"hps\">setting<\/span> <span class=\"hps\">the navigation software<\/span> <span class=\"hps\">can inform<\/span> <span class=\"hps\">the presence of<\/span> <span class=\"hps\">a cookie and possibly<\/span> <span class=\"hps\">to refuse<\/span> <span class=\"hps\">the<\/span> <span class=\"hps\">as described<\/span> <span class=\"hps\">at the following address<\/span> <span class=\"hps\">https:\/\/www.cnil.fr\/<\/span>.<\/p>\n<p><span class=\"hps\">The general structure<\/span> <span class=\"hps\">and architecture of the<\/span> <span class=\"hps\">site,<\/span> <span class=\"hps\">as well as<\/span> <span class=\"hps\">each of its elements<\/span>, including software, texts, <span class=\"hps\">images animated or not<\/span>, are protected by <span class=\"hps\">copyright<\/span>. <span class=\"hps\">As such,<\/span> <span class=\"hps\">any use, including<\/span> <span class=\"hps\">any total or partial<\/span> <span class=\"hps\">reproduction of the website<\/span> <span class=\"hps\">or its components<\/span>, and any <span class=\"hps\">transfer of<\/span> <span class=\"hps\">items to another<\/span> <span class=\"hps\">site without the<\/span> <span class=\"hps\">express written agreement<\/span> <span class=\"hps\">of the beneficiaries<\/span> <span class=\"hps\">is<\/span> <span class=\"hps\">prohibited and constitutes an<\/span> <span class=\"hps\">infringement punishable by<\/span> <span class=\"hps\">Articles L.<\/span> <span class=\"hps\">335-2 of the<\/span> <span class=\"hps\">Code<\/span> <span class=\"hps\">of<\/span> <span class=\"hps\">intellectual property.<\/span> <span class=\"hps\">The<\/span> <span class=\"hps atn\">(semi-<\/span>figurative or not) <span class=\"hps\">marks,<\/span> <span class=\"hps\">and logos<\/span> <span class=\"hps\">appearing on the site<\/span> <span class=\"hps\">are protected.<\/span> <span class=\"hps\">Total or partial<\/span> <span class=\"hps\">reproduction of these trademarks<\/span> <span class=\"hps\">or logos<\/span> <span class=\"hps\">made \u200b\u200bfrom the<\/span> <span class=\"hps\">site without<\/span> <span class=\"hps\">the permission<\/span> <span class=\"hps\">of rights holders<\/span> <span class=\"hps\">is prohibited.<\/span><\/p>\n<h3><span class=\"hps\">Information<\/span> <span class=\"hps\">on<\/span> <span class=\"hps\">cookies<\/span><\/h3>\n<p><span class=\"hps\">When<\/span> <span class=\"hps\">your<\/span> <span class=\"hps\">browsing<\/span> <span class=\"hps\">Favre Sports<\/span><span class=\"hps\">,<\/span> <span class=\"hps\">we collect<\/span> <span class=\"hps\">various data<\/span> <span class=\"hps\">relating<\/span> <span class=\"hps\">to the characteristics of<\/span> <span class=\"hps\">particular<\/span> <span class=\"hps\">operating system,<\/span> <span class=\"hps\">browser or<\/span> <span class=\"hps\">device<\/span> <span class=\"hps\">(computer,<\/span> <span class=\"hps\">tablet<\/span> <span class=\"hps\">or mobile phone<\/span>) you use, data <span class=\"hps\">about your<\/span> <span class=\"hps\">location<\/span> <span class=\"hps atn\">(<\/span><span class=\"\">including<\/span> <span class=\"hps\">address<\/span> <span class=\"hps\">IP)<\/span> <span class=\"hps\">or data<\/span> <span class=\"hps\">about your<\/span> <span class=\"hps\">interactions<\/span> <span class=\"hps\">with the content of<\/span> <span class=\"hps\">Favre Sports<\/span> <span class=\"hps\">(number of<\/span> <span class=\"hps\">visits<\/span> <span class=\"hps\">on the platform,<\/span> <span class=\"hps\">pages visited and<\/span> <span class=\"hps\">purchased products,<\/span> <span class=\"hps\">advertisements you<\/span> <span class=\"hps\">click<\/span> <span class=\"hps\">\u2026<\/span>). <span class=\"hps\">For details about<\/span> <span class=\"hps\">the use of cookies<\/span> <span class=\"hps\">on this site<\/span> <span class=\"hps\">see the<\/span> <a href=\"https:\/\/favre-sports.com\/en\/legal-notice\/cookies-information\/\"><span class=\"hps\">cookie<\/span> <span class=\"hps\">information<\/span> <span class=\"hps\">page<\/span><\/a><\/p>\n<p>[\/et_pb_text][\/et_pb_column][\/et_pb_row][\/et_pb_section]<\/p>\n","protected":false},"excerpt":{"rendered":"<p>&nbsp; Legal notice Pursuant to Article 6 III-1 of the Act No. 2004-575 of 21 June 2004 on confidence in the digital economy, we inform you that: This site is published by: &#8211; Micka\u00ebl Favre-F\u00e9lix &#8211; Address : 389 route du Bouchet 74450 Le Grand-Bornand &#8211; Phone : +33(0)4 50\u00a0 02 34 11 &#8211; E-mail [&hellip;]<\/p>\n","protected":false},"author":1,"featured_media":0,"parent":0,"menu_order":0,"comment_status":"closed","ping_status":"closed","template":"","meta":{"_et_pb_use_builder":"on","_et_pb_old_content":"<p>[et_pb_section][et_pb_row][et_pb_column type=\"4_4\"][et_pb_divider admin_label=\"S\u00e9parateur\" color=\"#ffffff\" show_divider=\"off\" divider_style=\"solid\" divider_position=\"top\" hide_on_mobile=\"on\" height=\"2\" \/][et_pb_text admin_label=\"Texte\" background_layout=\"light\" text_orientation=\"left\" use_border_color=\"off\" border_color=\"#ffffff\" border_style=\"solid\"]<\/p><h1>Mentions l\u00e9gales<\/h1><p style=\"text-align: justify;\">Conform\u00e9ment aux dispositions de l\u2019article 6 III-1 de la loi n\u00b0 2004-575 du 21 juin 2004 pour la confiance dans l\u2019\u00e9conomie num\u00e9rique, nous vous informons que :<\/p><p style=\"text-align: justify;\">Le pr\u00e9sent site est \u00e9dit\u00e9 par :<\/p><p style=\"text-align: justify;\">- Micka\u00ebl Favre-F\u00e9lix<br \/> - Adresse : 389 route du Bouchet 74450 Le Grand-Bornand<br \/> - Num\u00e9ro de t\u00e9l\u00e9phone : 04 50\u00a0 02 34 11<br \/> - E-mail : favre-sports@orange.fr<\/p><p style=\"text-align: justify;\">Information Soci\u00e9t\u00e9 :<\/p><p style=\"text-align: justify;\">Favre Sports : SIRET 480 454 974 00027<\/p><p style=\"text-align: justify;\">Le directeur de la publication est M. Micka\u00ebl Favre-F\u00e9lix<\/p><p style=\"text-align: justify;\">Le site est h\u00e9berg\u00e9 par: <a href=\"https:\/\/www.siteground.com\/\" target=\"_blank\">SiteGround <\/a>-Washington, D.C. 20002, USA<\/p><p style=\"text-align: justify;\">Le site a \u00e9t\u00e9 r\u00e9alis\u00e9 par: <a href=\"https:\/\/www.bevouak.fr\">BevouaK Sarl<\/a> - Saint Gervais les Bains (74170) France,<\/p><p style=\"text-align: justify;\">Conform\u00e9ment \u00e0 la loi Informatique et libert\u00e9s du 6 janvier 1978 modifi\u00e9e en 2004, les donn\u00e9es \u00e0 caract\u00e8re personnel sont destin\u00e9es \u00e0 l\u2019exploitant du site et leur usage conforme aux finalit\u00e9s d\u00e9clar\u00e9es \u00e0 la Cnil.<\/p><p style=\"text-align: justify;\">Les donn\u00e9es sont destin\u00e9es \u00e0 l\u2019\u00e9diteur du site M. Micka\u00ebl Favre-F\u00e9lix, responsable du traitement.<\/p><p style=\"text-align: justify;\">Les informations indispensables sont signal\u00e9es par un ast\u00e9risque dans le formulaire. A d\u00e9faut il ne pourra \u00eatre r\u00e9pondu \u00e0 la demande de l\u2019utilisateur.<\/p><p style=\"text-align: justify;\">Les autres informations demand\u00e9es, pour lesquelles la r\u00e9ponse de l\u2019utilisateur est facultative, sont destin\u00e9es \u00e0 mieux connaitre l\u2019utilisateur et \u00e0 am\u00e9liorer les services propos\u00e9s.<\/p><p style=\"text-align: justify;\">Conform\u00e9ment aux dispositions de la \u00ab loi Informatique et libert\u00e9s \u00bb du 6 janvier 1978 modifi\u00e9e en 2004, l\u2019utilisateur dispose d\u2019un droit d\u2019acc\u00e8s, de rectification et de suppression des donn\u00e9es \u00e0 caract\u00e8re personnel le concernant. La mise en \u0153uvre de ces droits est possible par simple courriel envoy\u00e9 \u00e0 l\u2019adresse figurant ci-dessus.<\/p><p style=\"text-align: justify;\">L\u2019utilisateur dispose \u00e9galement d\u2019un droit d\u2019opposition au traitement de ses donn\u00e9es pour des motifs l\u00e9gitimes ainsi qu\u2019un droit d\u2019opposition \u00e0 ce que ces donn\u00e9es soient utilis\u00e9es \u00e0 des fins de prospection commerciale.<\/p><p style=\"text-align: justify;\">L\u2019utilisateur est inform\u00e9 que lors de ses visites sur le site, un cookie peut s\u2019installer automatiquement sur son logiciel de navigation.Le param\u00e9trage du logiciel de navigation permet d\u2019informer de la pr\u00e9sence de cookie et \u00e9ventuellement, de la refuser de la mani\u00e8re d\u00e9crite \u00e0 l\u2019adresse suivante https:\/\/www.cnil.fr\/.<\/p><p style=\"text-align: justify;\">La structure g\u00e9n\u00e9rale et l\u2019architecture du site, ainsi que chacun de ses \u00e9l\u00e9ments, notamment les logiciels, textes, images anim\u00e9es ou non, sont prot\u00e9g\u00e9s par le droit d\u2019auteur. A ce titre, toute utilisation et notamment toute reproduction totale ou partielle du site ou de ses \u00e9l\u00e9ments, ainsi que tout transfert de ses \u00e9l\u00e9ments vers un autre site sans l\u2019accord \u00e9crit et expr\u00e8s des ayants droit est interdite et constituerait une contrefa\u00e7on sanctionn\u00e9e par les articles L. 335-2 et suivants du Code de la propri\u00e9t\u00e9 intellectuelle.<\/p><p style=\"text-align: justify;\">Les marques (semi-figuratives ou non), ainsi que les logos figurant sur le site sont prot\u00e9g\u00e9s.<\/p><p style=\"text-align: justify;\">Toute reproduction totale ou partielle de ces marques ou de ces logos effectu\u00e9e \u00e0 partir des \u00e9l\u00e9ments du site sans l'autorisation des ayants droit est donc prohib\u00e9e.<\/p><p style=\"text-align: justify;\"><span style=\"text-decoration: underline;\">Information relative aux cookies<\/span><\/p><p>Lors de votre navigation sur Favre Sport, nous collectons diverses donn\u00e9es, relatives notamment aux caract\u00e9ristiques du syst\u00e8me d\u2019exploitation, du navigateur ou du terminal (ordinateur, tablette ou t\u00e9l\u00e9phone mobile) que vous utilisez, des donn\u00e9es relatives \u00e0 votre localisation (notamment votre adresse IP) ou encore des donn\u00e9es relatives \u00e0 vos interactions avec le contenu de Favre Sport (nombres de visites sur la plateforme, pages visit\u00e9es et produits achet\u00e9s, publicit\u00e9s sur lesquelles vous cliquez\u2026).<\/p><p>Pour le d\u00e9tail sur l'utilisation des cookies sur ce site consultez la page\u00a0 <a href=\"https:\/\/favre-sports.com\/information-cookies\/\">information cookie<\/a><\/p><p>[\/et_pb_text][\/et_pb_column][\/et_pb_row][\/et_pb_section]<\/p>","_et_gb_content_width":"","footnotes":""},"class_list":["post-501","page","type-page","status-publish","hentry"],"yoast_head":"<!-- This site is optimized with the Yoast SEO plugin v27.5 - https:\/\/yoast.com\/product\/yoast-seo-wordpress\/ -->\n<title>Legal notice - Favre Sports<\/title>\n<meta name=\"robots\" content=\"index, follow, max-snippet:-1, max-image-preview:large, max-video-preview:-1\" \/>\n<link rel=\"canonical\" href=\"https:\/\/favre-sports.com\/en\/legal-notice\/\" \/>\n<meta property=\"og:locale\" content=\"en_US\" \/>\n<meta property=\"og:type\" content=\"article\" \/>\n<meta property=\"og:title\" content=\"Legal notice - Favre Sports\" \/>\n<meta property=\"og:description\" content=\"&nbsp; Legal notice Pursuant to Article 6 III-1 of the Act No. 2004-575 of 21 June 2004 on confidence in the digital economy, we inform you that: This site is published by: - Micka\u00ebl Favre-F\u00e9lix - Address : 389 route du Bouchet 74450 Le Grand-Bornand - Phone : +33(0)4 50\u00a0 02 34 11 - E-mail [&hellip;]\" \/>\n<meta property=\"og:url\" content=\"https:\/\/favre-sports.com\/en\/legal-notice\/\" \/>\n<meta property=\"og:site_name\" content=\"Favre Sports\" \/>\n<meta property=\"article:publisher\" content=\"https:\/\/www.facebook.com\/Favre-Sports-1046705875350871\/\" \/>\n<meta property=\"article:modified_time\" content=\"2015-11-24T10:10:12+00:00\" \/>\n<meta name=\"twitter:card\" content=\"summary_large_image\" \/>\n<meta name=\"twitter:label1\" content=\"Est. reading time\" \/>\n\t<meta name=\"twitter:data1\" content=\"3 minutes\" \/>\n<script type=\"application\/ld+json\" class=\"yoast-schema-graph\">{\"@context\":\"https:\\\/\\\/schema.org\",\"@graph\":[{\"@type\":\"WebPage\",\"@id\":\"https:\\\/\\\/favre-sports.com\\\/en\\\/legal-notice\\\/\",\"url\":\"https:\\\/\\\/favre-sports.com\\\/en\\\/legal-notice\\\/\",\"name\":\"Legal notice - Favre Sports\",\"isPartOf\":{\"@id\":\"https:\\\/\\\/favre-sports.com\\\/#website\"},\"datePublished\":\"2015-11-24T09:53:59+00:00\",\"dateModified\":\"2015-11-24T10:10:12+00:00\",\"breadcrumb\":{\"@id\":\"https:\\\/\\\/favre-sports.com\\\/en\\\/legal-notice\\\/#breadcrumb\"},\"inLanguage\":\"en-US\",\"potentialAction\":[{\"@type\":\"ReadAction\",\"target\":[\"https:\\\/\\\/favre-sports.com\\\/en\\\/legal-notice\\\/\"]}]},{\"@type\":\"BreadcrumbList\",\"@id\":\"https:\\\/\\\/favre-sports.com\\\/en\\\/legal-notice\\\/#breadcrumb\",\"itemListElement\":[{\"@type\":\"ListItem\",\"position\":1,\"name\":\"Accueil\",\"item\":\"https:\\\/\\\/favre-sports.com\\\/en\\\/home\\\/\"},{\"@type\":\"ListItem\",\"position\":2,\"name\":\"Legal notice\"}]},{\"@type\":\"WebSite\",\"@id\":\"https:\\\/\\\/favre-sports.com\\\/#website\",\"url\":\"https:\\\/\\\/favre-sports.com\\\/\",\"name\":\"Favre Sports\",\"description\":\"Magasin de ski au Grand Bornand\",\"potentialAction\":[{\"@type\":\"SearchAction\",\"target\":{\"@type\":\"EntryPoint\",\"urlTemplate\":\"https:\\\/\\\/favre-sports.com\\\/?s={search_term_string}\"},\"query-input\":{\"@type\":\"PropertyValueSpecification\",\"valueRequired\":true,\"valueName\":\"search_term_string\"}}],\"inLanguage\":\"en-US\"}]}<\/script>\n<!-- \/ Yoast SEO plugin. -->","yoast_head_json":{"title":"Legal notice - Favre Sports","robots":{"index":"index","follow":"follow","max-snippet":"max-snippet:-1","max-image-preview":"max-image-preview:large","max-video-preview":"max-video-preview:-1"},"canonical":"https:\/\/favre-sports.com\/en\/legal-notice\/","og_locale":"en_US","og_type":"article","og_title":"Legal notice - Favre Sports","og_description":"&nbsp; Legal notice Pursuant to Article 6 III-1 of the Act No. 2004-575 of 21 June 2004 on confidence in the digital economy, we inform you that: This site is published by: - Micka\u00ebl Favre-F\u00e9lix - Address : 389 route du Bouchet 74450 Le Grand-Bornand - Phone : +33(0)4 50\u00a0 02 34 11 - E-mail [&hellip;]","og_url":"https:\/\/favre-sports.com\/en\/legal-notice\/","og_site_name":"Favre Sports","article_publisher":"https:\/\/www.facebook.com\/Favre-Sports-1046705875350871\/","article_modified_time":"2015-11-24T10:10:12+00:00","twitter_card":"summary_large_image","twitter_misc":{"Est. reading time":"3 minutes"},"schema":{"@context":"https:\/\/schema.org","@graph":[{"@type":"WebPage","@id":"https:\/\/favre-sports.com\/en\/legal-notice\/","url":"https:\/\/favre-sports.com\/en\/legal-notice\/","name":"Legal notice - Favre Sports","isPartOf":{"@id":"https:\/\/favre-sports.com\/#website"},"datePublished":"2015-11-24T09:53:59+00:00","dateModified":"2015-11-24T10:10:12+00:00","breadcrumb":{"@id":"https:\/\/favre-sports.com\/en\/legal-notice\/#breadcrumb"},"inLanguage":"en-US","potentialAction":[{"@type":"ReadAction","target":["https:\/\/favre-sports.com\/en\/legal-notice\/"]}]},{"@type":"BreadcrumbList","@id":"https:\/\/favre-sports.com\/en\/legal-notice\/#breadcrumb","itemListElement":[{"@type":"ListItem","position":1,"name":"Accueil","item":"https:\/\/favre-sports.com\/en\/home\/"},{"@type":"ListItem","position":2,"name":"Legal notice"}]},{"@type":"WebSite","@id":"https:\/\/favre-sports.com\/#website","url":"https:\/\/favre-sports.com\/","name":"Favre Sports","description":"Magasin de ski au Grand Bornand","potentialAction":[{"@type":"SearchAction","target":{"@type":"EntryPoint","urlTemplate":"https:\/\/favre-sports.com\/?s={search_term_string}"},"query-input":{"@type":"PropertyValueSpecification","valueRequired":true,"valueName":"search_term_string"}}],"inLanguage":"en-US"}]}},"_links":{"self":[{"href":"https:\/\/favre-sports.com\/en\/wp-json\/wp\/v2\/pages\/501","targetHints":{"allow":["GET"]}}],"collection":[{"href":"https:\/\/favre-sports.com\/en\/wp-json\/wp\/v2\/pages"}],"about":[{"href":"https:\/\/favre-sports.com\/en\/wp-json\/wp\/v2\/types\/page"}],"author":[{"embeddable":true,"href":"https:\/\/favre-sports.com\/en\/wp-json\/wp\/v2\/users\/1"}],"replies":[{"embeddable":true,"href":"https:\/\/favre-sports.com\/en\/wp-json\/wp\/v2\/comments?post=501"}],"version-history":[{"count":0,"href":"https:\/\/favre-sports.com\/en\/wp-json\/wp\/v2\/pages\/501\/revisions"}],"wp:attachment":[{"href":"https:\/\/favre-sports.com\/en\/wp-json\/wp\/v2\/media?parent=501"}],"curies":[{"name":"wp","href":"https:\/\/api.w.org\/{rel}","templated":true}]}}